{"id":4066,"date":"2025-07-24T14:09:12","date_gmt":"2025-07-24T14:09:12","guid":{"rendered":"https:\/\/trekatex.preview.pqa.nl\/over-ons\/"},"modified":"2026-01-03T19:30:14","modified_gmt":"2026-01-03T19:30:14","slug":"over-ons","status":"publish","type":"page","link":"https:\/\/www.trekatex.com\/de\/over-ons\/","title":{"rendered":"Over ons"},"content":{"rendered":"\t\t<div data-elementor-type=\"wp-page\" data-elementor-id=\"4066\" class=\"elementor elementor-4066 elementor-123\" data-elementor-post-type=\"page\">\n\t\t\t\t<div class=\"elementor-element elementor-element-5f5afb87 e-flex e-con-boxed e-con e-parent\" data-id=\"5f5afb87\" data-element_type=\"container\" data-e-type=\"container\">\n\t\t\t\t\t<div class=\"e-con-inner\">\n\t\t\t\t<div class=\"elementor-element elementor-element-2d541b0 elementor-widget elementor-widget-heading\" data-id=\"2d541b0\" data-element_type=\"widget\" data-e-type=\"widget\" data-widget_type=\"heading.default\">\n\t\t\t\t\t<h2 class=\"elementor-heading-title elementor-size-default\">Das sind wir!\n\n<\/h2>\t\t\t\t<\/div>\n\t\t\t\t<div class=\"elementor-element elementor-element-57cd75d9 elementor-widget elementor-widget-text-editor\" data-id=\"57cd75d9\" data-element_type=\"widget\" data-e-type=\"widget\" data-widget_type=\"text-editor.default\">\n\t\t\t\t\t\t\t\t\t<p>\u00a0<\/p><p><strong>Trekatex<\/strong> ist der Spezialist f\u00fcr Qualit\u00e4tsstoffe im Outdoor-Bereich!<\/p><p>Outdoor-Stoffe sind unsere Leidenschaft und Expertise! Seit unserer Gr\u00fcndung im Jahr 2008 haben wir uns zu einem angesehenen Akteur in der Welt der Outdoor-Stoffe entwickelt und viele Kunden von der Qualit\u00e4t, Langlebigkeit und Zuverl\u00e4ssigkeit unserer Kollektion \u00fcberzeugt. Mit unserer <strong>Sunproof\u00ae<\/strong>-Kollektion bieten wir ein umfangreiches und vielseitiges Sortiment an Outdoor-Stoffen mit allen technischen Eigenschaften, die f\u00fcr eine langfristige und intensive Nutzung im Freien erforderlich sind.<\/p><p>Um unser Angebot zu vervollst\u00e4ndigen, verf\u00fcgen wir neben der Outdoor-Kollektion auch \u00fcber einige wundersch\u00f6ne Zusatzkollektionen:<\/p><p style=\"margin-left: 88.8pt; mso-add-space: auto; text-indent: -18.0pt; mso-list: l4 level1 lfo6; tab-stops: list 88.8pt;\"><span style=\"font-size: 10.0pt; mso-bidi-font-size: 11.0pt; line-height: 107%; font-family: Symbol; mso-fareast-font-family: Symbol; mso-bidi-font-family: Symbol;\">\u00b7<span style=\"font-variant-numeric: normal; font-variant-east-asian: normal; font-variant-alternates: normal; font-size-adjust: none; font-kerning: auto; font-optical-sizing: auto; font-feature-settings: normal; font-variation-settings: normal; font-variant-position: normal; font-variant-emoji: normal; font-stretch: normal; font-size: 7pt; line-height: normal; font-family: 'Times New Roman';\">\u00a0\u00a0\u00a0\u00a0\u00a0\u00a0\u00a0 <\/span><\/span><b>Celsius\u00ae<\/b> \u2013 Stilvolle und komfortable M\u00f6belstoffe f\u00fcr den Innenbereich<\/p><p style=\"margin-left: 88.8pt; mso-add-space: auto; text-indent: -18.0pt; mso-list: l4 level1 lfo6; tab-stops: list 88.8pt;\"><span style=\"font-size: 10.0pt; mso-bidi-font-size: 11.0pt; line-height: 107%; font-family: Symbol; mso-fareast-font-family: Symbol; mso-bidi-font-family: Symbol;\">\u00b7<span style=\"font-variant-numeric: normal; font-variant-east-asian: normal; font-variant-alternates: normal; font-size-adjust: none; font-kerning: auto; font-optical-sizing: auto; font-feature-settings: normal; font-variation-settings: normal; font-variant-position: normal; font-variant-emoji: normal; font-stretch: normal; font-size: 7pt; line-height: normal; font-family: 'Times New Roman';\">\u00a0\u00a0\u00a0\u00a0\u00a0\u00a0\u00a0 <\/span><\/span><b>Flame\u00ae<\/b> \u2013 Eine Kollektion sch\u00f6ner Kunstlederstoffe in verschiedenen Qualit\u00e4ten<\/p><p style=\"margin-left: 88.8pt; mso-add-space: auto; text-indent: -18.0pt; mso-list: l4 level1 lfo6; tab-stops: list 88.8pt;\"><span style=\"font-size: 10.0pt; mso-bidi-font-size: 11.0pt; line-height: 107%; font-family: Symbol; mso-fareast-font-family: Symbol; mso-bidi-font-family: Symbol;\">\u00b7<span style=\"font-variant-numeric: normal; font-variant-east-asian: normal; font-variant-alternates: normal; font-size-adjust: none; font-kerning: auto; font-optical-sizing: auto; font-feature-settings: normal; font-variation-settings: normal; font-variant-position: normal; font-variant-emoji: normal; font-stretch: normal; font-size: 7pt; line-height: normal; font-family: 'Times New Roman';\">\u00a0\u00a0\u00a0\u00a0\u00a0\u00a0\u00a0 <\/span><\/span><b>Lorenzia\u00ae<\/b> \u2013 Funktionale und verschlei\u00dffeste Stoffe f\u00fcr Projekt- und B\u00fcrom\u00f6bel f\u00fcr intensive Nutzung<\/p><p>Zuverl\u00e4ssige Lieferung hat bei uns oberste Priorit\u00e4t, und dieses Versprechen halten wir ein! Unsere gesamte Kollektion ist das ganze Jahr \u00fcber in unserem zentralen Lager in Tilburg (NL) vorr\u00e4tig. So m\u00fcssen Sie nie lange auf Ihre Bestellung warten und verpassen keine Verkaufschance. Egal, ob Sie komplette Rollen oder kleinere Mengen (Stoffproben) bestellen m\u00f6chten \u2013 eine Bestellung ist bereits ab nur einem Meter m\u00f6glich. Jede Bestellung, ob gro\u00df oder klein, wissen wir sehr zu sch\u00e4tzen.<\/p><p>\u00a0<\/p><p><strong>Was Sie von uns erwarten k\u00f6nnen:<\/strong><\/p><p>Wir glauben an Einfachheit und Kundenorientierung. Unsere Unternehmenskultur dreht sich darum, es unseren Kunden so einfach wie m\u00f6glich zu machen, mit Qualit\u00e4t als Grundlage \u2013 sowohl bei unseren Stoffen als auch bei unserem Service. Im Folgenden einige Merkmale, die perfekt zu uns passen:<\/p><ul><li><b>Team: <\/b>Wir arbeiten mit einem kleinen und eingespielten Team in Tilburg, wo sich unser B\u00fcro und Lager unter einem Dach befinden. Dies erm\u00f6glicht es uns, den Kunden wirklich in den Mittelpunkt zu stellen und schnell sowie flexibel auf Anfragen und Bestellungen zu reagieren. Was wir versprechen, halten wir \u2013 und wir sorgen daf\u00fcr, dass es f\u00fcr unsere Kunden so einfach wie m\u00f6glich bleibt.<\/li><\/ul><div>\u00a0<\/div><div>\u00a0<\/div><ul><li><strong data-start=\"17\" data-end=\"40\">Lagerverf\u00fcgbarkeit:<\/strong> Unsere gesamte Kollektion ist das ganze Jahr \u00fcber tats\u00e4chlich auf Lager in unserem Magazin. Das garantiert optimale Lieferzuverl\u00e4ssigkeit und sofortige Verf\u00fcgbarkeit. Bestellungen, die vor 14:00 Uhr eingehen, werden noch am selben Tag versandt. Lieferungen innerhalb der Benelux-L\u00e4nder treffen in der Regel am n\u00e4chsten Arbeitstag ein; Sendungen in andere europ\u00e4ische L\u00e4nder erfolgen meist innerhalb weniger Werktage.<\/li><\/ul><div>\u00a0<\/div><div>\u00a0<\/div><ul><li><strong data-start=\"17\" data-end=\"42\">Mindestabnahmemengen:<\/strong> Neben kompletten Rollen k\u00f6nnen Sie bei uns auch kleinere Meterzahlen (Stoffproben) beziehen, mit einer Mindestabnahme von nur 1 Meter. Denn egal, ob es sich um eine gro\u00dfe oder kleine Bestellung handelt \u2013 jeder Kunde und jede Bestellung ist uns wichtig!<\/li><\/ul><div>\u00a0<\/div><div>\u00a0<\/div><ul><li><strong data-start=\"17\" data-end=\"38\">Kundenorientiert:<\/strong> Wir k\u00f6nnen mit \u00dcberzeugung sagen, dass wir es wirklich sind. Wir kommunizieren transparent und machen das Aufgeben einer Bestellung einfach und flexibel \u2013 per E-Mail, \u00fcber unsere Website oder telefonisch. Warteschlangen? Die gibt es bei uns nicht. Sie erhalten sofort einen fachkundigen Mitarbeiter, der Ihnen weiterhilft, egal ob es um eine Bestellung oder Beratung geht. Sollte einmal etwas schiefgehen oder eine Beschwerde auftreten, keine Sorge \u2013 wir l\u00f6sen es noch am selben Tag f\u00fcr Sie.<\/li><\/ul><div>\u00a0<\/div><div>\u00a0<\/div><ul><li><strong data-start=\"17\" data-end=\"30\">Qualit\u00e4t:<\/strong> Unsere Qualit\u00e4t beginnt beim kundenorientierten Service unseres Teams, doch es ist die herausragende Qualit\u00e4t unserer Stoffe, die den echten Unterschied macht. Darauf bauen wir seit vielen Jahren erfolgreiche und nachhaltige Partnerschaften mit Kunden in ganz Europa auf.<\/li><\/ul><div>\u00a0<\/div><div>\u00a0<\/div><ul><li><strong data-start=\"17\" data-end=\"60\">Markttrends &amp; innovative Entwicklungen:<\/strong> Als Spezialist f\u00fcr Outdoor-Stoffe verfolgen wir die neuesten Trends und Entwicklungen genau. So stellen wir sicher, dass unsere Kollektion stets perfekt auf die W\u00fcnsche und Bed\u00fcrfnisse unserer Kunden abgestimmt ist. Nachhaltigkeit, Sicherheit und Umweltbewusstsein spielen in der heutigen Zeit daher eine zentrale Rolle in unserer Strategie und in der kontinuierlichen Weiterentwicklung unserer Kollektion.<\/li><\/ul><p style=\"margin-left: 54.0pt; mso-add-space: auto; text-indent: -18.0pt; mso-list: l2 level1 lfo5;\"><span style=\"font-size: 1rem;\">\u00a0<\/span><\/p><p>Haben Sie Fragen oder sind Sie neugierig auf unsere Produkte? Kontaktieren Sie gerne unser Team \u2013 wir helfen Ihnen jederzeit weiter.<\/p><p>\u00a0<\/p><p>Mit sonnigen Gr\u00fc\u00dfen,<br \/><strong>Team Trekatex Textile Solutions<\/strong><\/p>\t\t\t\t\t\t\t\t<\/div>\n\t\t\t\t\t<\/div>\n\t\t\t\t<\/div>\n\t\t\t\t<\/div>\n\t\t","protected":false},"excerpt":{"rendered":"<p>Das sind wir! \u00a0 Trekatex ist der Spezialist f\u00fcr Qualit\u00e4tsstoffe im Outdoor-Bereich! Outdoor-Stoffe sind unsere Leidenschaft und Expertise! Seit unserer Gr\u00fcndung im Jahr 2008 haben wir uns zu einem angesehenen Akteur in der Welt der Outdoor-Stoffe entwickelt und viele Kunden von der Qualit\u00e4t, Langlebigkeit und Zuverl\u00e4ssigkeit unserer Kollektion \u00fcberzeugt. Mit unserer Sunproof\u00ae-Kollektion bieten wir ein [&hellip;]<\/p>\n","protected":false},"author":1,"featured_media":0,"parent":0,"menu_order":0,"comment_status":"closed","ping_status":"closed","template":"","meta":{"_acf_changed":false,"footnotes":""},"class_list":["post-4066","page","type-page","status-publish","hentry"],"acf":[],"yoast_head":"<!-- This site is optimized with the Yoast SEO plugin v27.4 - https:\/\/yoast.com\/product\/yoast-seo-wordpress\/ -->\n<title>Over ons - Trekatex<\/title>\n<meta name=\"robots\" content=\"index, follow, max-snippet:-1, max-image-preview:large, max-video-preview:-1\" \/>\n<link rel=\"canonical\" href=\"https:\/\/www.trekatex.com\/de\/over-ons\/\" \/>\n<meta property=\"og:locale\" content=\"de_DE\" \/>\n<meta property=\"og:type\" content=\"article\" \/>\n<meta property=\"og:title\" content=\"Over ons - Trekatex\" \/>\n<meta property=\"og:description\" content=\"Das sind wir! \u00a0 Trekatex ist der Spezialist f\u00fcr Qualit\u00e4tsstoffe im Outdoor-Bereich! Outdoor-Stoffe sind unsere Leidenschaft und Expertise! Seit unserer Gr\u00fcndung im Jahr 2008 haben wir uns zu einem angesehenen Akteur in der Welt der Outdoor-Stoffe entwickelt und viele Kunden von der Qualit\u00e4t, Langlebigkeit und Zuverl\u00e4ssigkeit unserer Kollektion \u00fcberzeugt. Mit unserer Sunproof\u00ae-Kollektion bieten wir ein [&hellip;]\" \/>\n<meta property=\"og:url\" content=\"https:\/\/www.trekatex.com\/de\/over-ons\/\" \/>\n<meta property=\"og:site_name\" content=\"Trekatex\" \/>\n<meta property=\"article:modified_time\" content=\"2026-01-03T19:30:14+00:00\" \/>\n<meta name=\"twitter:card\" content=\"summary_large_image\" \/>\n<meta name=\"twitter:label1\" content=\"Gesch\u00e4tzte Lesezeit\" \/>\n\t<meta name=\"twitter:data1\" content=\"3\u00a0Minuten\" \/>\n<script type=\"application\/ld+json\" class=\"yoast-schema-graph\">{\"@context\":\"https:\\\/\\\/schema.org\",\"@graph\":[{\"@type\":\"WebPage\",\"@id\":\"https:\\\/\\\/www.trekatex.com\\\/de\\\/over-ons\\\/\",\"url\":\"https:\\\/\\\/www.trekatex.com\\\/de\\\/over-ons\\\/\",\"name\":\"Over ons - Trekatex\",\"isPartOf\":{\"@id\":\"https:\\\/\\\/www.trekatex.com\\\/de\\\/#website\"},\"datePublished\":\"2025-07-24T14:09:12+00:00\",\"dateModified\":\"2026-01-03T19:30:14+00:00\",\"breadcrumb\":{\"@id\":\"https:\\\/\\\/www.trekatex.com\\\/de\\\/over-ons\\\/#breadcrumb\"},\"inLanguage\":\"de\",\"potentialAction\":[{\"@type\":\"ReadAction\",\"target\":[\"https:\\\/\\\/www.trekatex.com\\\/de\\\/over-ons\\\/\"]}]},{\"@type\":\"BreadcrumbList\",\"@id\":\"https:\\\/\\\/www.trekatex.com\\\/de\\\/over-ons\\\/#breadcrumb\",\"itemListElement\":[{\"@type\":\"ListItem\",\"position\":1,\"name\":\"Home\",\"item\":\"https:\\\/\\\/www.trekatex.com\\\/de\\\/\"},{\"@type\":\"ListItem\",\"position\":2,\"name\":\"Over ons\"}]},{\"@type\":\"WebSite\",\"@id\":\"https:\\\/\\\/www.trekatex.com\\\/de\\\/#website\",\"url\":\"https:\\\/\\\/www.trekatex.com\\\/de\\\/\",\"name\":\"Trekatex\",\"description\":\"\",\"publisher\":{\"@id\":\"https:\\\/\\\/www.trekatex.com\\\/de\\\/#organization\"},\"potentialAction\":[{\"@type\":\"SearchAction\",\"target\":{\"@type\":\"EntryPoint\",\"urlTemplate\":\"https:\\\/\\\/www.trekatex.com\\\/de\\\/?s={search_term_string}\"},\"query-input\":{\"@type\":\"PropertyValueSpecification\",\"valueRequired\":true,\"valueName\":\"search_term_string\"}}],\"inLanguage\":\"de\"},{\"@type\":\"Organization\",\"@id\":\"https:\\\/\\\/www.trekatex.com\\\/de\\\/#organization\",\"name\":\"Trekatex\",\"url\":\"https:\\\/\\\/www.trekatex.com\\\/de\\\/\",\"logo\":{\"@type\":\"ImageObject\",\"inLanguage\":\"de\",\"@id\":\"https:\\\/\\\/www.trekatex.com\\\/de\\\/#\\\/schema\\\/logo\\\/image\\\/\",\"url\":\"https:\\\/\\\/www.trekatex.com\\\/wp-content\\\/uploads\\\/2025\\\/07\\\/trekatex.svg\",\"contentUrl\":\"https:\\\/\\\/www.trekatex.com\\\/wp-content\\\/uploads\\\/2025\\\/07\\\/trekatex.svg\",\"caption\":\"Trekatex\"},\"image\":{\"@id\":\"https:\\\/\\\/www.trekatex.com\\\/de\\\/#\\\/schema\\\/logo\\\/image\\\/\"}}]}<\/script>\n<!-- \/ Yoast SEO plugin. -->","yoast_head_json":{"title":"Over ons - Trekatex","robots":{"index":"index","follow":"follow","max-snippet":"max-snippet:-1","max-image-preview":"max-image-preview:large","max-video-preview":"max-video-preview:-1"},"canonical":"https:\/\/www.trekatex.com\/de\/over-ons\/","og_locale":"de_DE","og_type":"article","og_title":"Over ons - Trekatex","og_description":"Das sind wir! \u00a0 Trekatex ist der Spezialist f\u00fcr Qualit\u00e4tsstoffe im Outdoor-Bereich! Outdoor-Stoffe sind unsere Leidenschaft und Expertise! Seit unserer Gr\u00fcndung im Jahr 2008 haben wir uns zu einem angesehenen Akteur in der Welt der Outdoor-Stoffe entwickelt und viele Kunden von der Qualit\u00e4t, Langlebigkeit und Zuverl\u00e4ssigkeit unserer Kollektion \u00fcberzeugt. Mit unserer Sunproof\u00ae-Kollektion bieten wir ein [&hellip;]","og_url":"https:\/\/www.trekatex.com\/de\/over-ons\/","og_site_name":"Trekatex","article_modified_time":"2026-01-03T19:30:14+00:00","twitter_card":"summary_large_image","twitter_misc":{"Gesch\u00e4tzte Lesezeit":"3\u00a0Minuten"},"schema":{"@context":"https:\/\/schema.org","@graph":[{"@type":"WebPage","@id":"https:\/\/www.trekatex.com\/de\/over-ons\/","url":"https:\/\/www.trekatex.com\/de\/over-ons\/","name":"Over ons - Trekatex","isPartOf":{"@id":"https:\/\/www.trekatex.com\/de\/#website"},"datePublished":"2025-07-24T14:09:12+00:00","dateModified":"2026-01-03T19:30:14+00:00","breadcrumb":{"@id":"https:\/\/www.trekatex.com\/de\/over-ons\/#breadcrumb"},"inLanguage":"de","potentialAction":[{"@type":"ReadAction","target":["https:\/\/www.trekatex.com\/de\/over-ons\/"]}]},{"@type":"BreadcrumbList","@id":"https:\/\/www.trekatex.com\/de\/over-ons\/#breadcrumb","itemListElement":[{"@type":"ListItem","position":1,"name":"Home","item":"https:\/\/www.trekatex.com\/de\/"},{"@type":"ListItem","position":2,"name":"Over ons"}]},{"@type":"WebSite","@id":"https:\/\/www.trekatex.com\/de\/#website","url":"https:\/\/www.trekatex.com\/de\/","name":"Trekatex","description":"","publisher":{"@id":"https:\/\/www.trekatex.com\/de\/#organization"},"potentialAction":[{"@type":"SearchAction","target":{"@type":"EntryPoint","urlTemplate":"https:\/\/www.trekatex.com\/de\/?s={search_term_string}"},"query-input":{"@type":"PropertyValueSpecification","valueRequired":true,"valueName":"search_term_string"}}],"inLanguage":"de"},{"@type":"Organization","@id":"https:\/\/www.trekatex.com\/de\/#organization","name":"Trekatex","url":"https:\/\/www.trekatex.com\/de\/","logo":{"@type":"ImageObject","inLanguage":"de","@id":"https:\/\/www.trekatex.com\/de\/#\/schema\/logo\/image\/","url":"https:\/\/www.trekatex.com\/wp-content\/uploads\/2025\/07\/trekatex.svg","contentUrl":"https:\/\/www.trekatex.com\/wp-content\/uploads\/2025\/07\/trekatex.svg","caption":"Trekatex"},"image":{"@id":"https:\/\/www.trekatex.com\/de\/#\/schema\/logo\/image\/"}}]}},"_links":{"self":[{"href":"https:\/\/www.trekatex.com\/de\/wp-json\/wp\/v2\/pages\/4066","targetHints":{"allow":["GET"]}}],"collection":[{"href":"https:\/\/www.trekatex.com\/de\/wp-json\/wp\/v2\/pages"}],"about":[{"href":"https:\/\/www.trekatex.com\/de\/wp-json\/wp\/v2\/types\/page"}],"author":[{"embeddable":true,"href":"https:\/\/www.trekatex.com\/de\/wp-json\/wp\/v2\/users\/1"}],"replies":[{"embeddable":true,"href":"https:\/\/www.trekatex.com\/de\/wp-json\/wp\/v2\/comments?post=4066"}],"version-history":[{"count":5,"href":"https:\/\/www.trekatex.com\/de\/wp-json\/wp\/v2\/pages\/4066\/revisions"}],"predecessor-version":[{"id":5182,"href":"https:\/\/www.trekatex.com\/de\/wp-json\/wp\/v2\/pages\/4066\/revisions\/5182"}],"wp:attachment":[{"href":"https:\/\/www.trekatex.com\/de\/wp-json\/wp\/v2\/media?parent=4066"}],"curies":[{"name":"wp","href":"https:\/\/api.w.org\/{rel}","templated":true}]}}