{"id":4024,"date":"2025-07-24T14:09:12","date_gmt":"2025-07-24T14:09:12","guid":{"rendered":"https:\/\/trekatex.preview.pqa.nl\/over-ons\/"},"modified":"2026-01-03T19:33:34","modified_gmt":"2026-01-03T19:33:34","slug":"over-ons","status":"publish","type":"page","link":"https:\/\/www.trekatex.com\/fr\/over-ons\/","title":{"rendered":"Over ons"},"content":{"rendered":"\t\t<div data-elementor-type=\"wp-page\" data-elementor-id=\"4024\" class=\"elementor elementor-4024 elementor-123\" data-elementor-post-type=\"page\">\n\t\t\t\t<div class=\"elementor-element elementor-element-5f5afb87 e-flex e-con-boxed e-con e-parent\" data-id=\"5f5afb87\" data-element_type=\"container\" data-e-type=\"container\">\n\t\t\t\t\t<div class=\"e-con-inner\">\n\t\t\t\t<div class=\"elementor-element elementor-element-2d541b0 elementor-widget elementor-widget-heading\" data-id=\"2d541b0\" data-element_type=\"widget\" data-e-type=\"widget\" data-widget_type=\"heading.default\">\n\t\t\t\t\t<h2 class=\"elementor-heading-title elementor-size-default\">C\u2019est nous!\n<\/h2>\t\t\t\t<\/div>\n\t\t\t\t<div class=\"elementor-element elementor-element-57cd75d9 elementor-widget elementor-widget-text-editor\" data-id=\"57cd75d9\" data-element_type=\"widget\" data-e-type=\"widget\" data-widget_type=\"text-editor.default\">\n\t\t\t\t\t\t\t\t\t<p>\u00a0<\/p><p><strong>Trekatex<\/strong>, le sp\u00e9cialiste des tissus outdoor de qualit\u00e9 !<\/p><p>Les tissus d\u2019ext\u00e9rieur sont notre passion et notre expertise ! Depuis notre cr\u00e9ation en 2008, nous sommes devenus un acteur reconnu dans le monde des tissus outdoor, convainquant de nombreux clients de la qualit\u00e9, de la durabilit\u00e9 et de la fiabilit\u00e9 de notre collection. Avec notre collection Sunproof\u00ae, nous proposons une gamme compl\u00e8te et polyvalente de tissus outdoor, r\u00e9unissant toutes les caract\u00e9ristiques techniques n\u00e9cessaires pour un usage ext\u00e9rieur intensif et durable.<\/p><p>Pour compl\u00e9ter notre offre, nous proposons, en plus de la collection outdoor, plusieurs collections compl\u00e9mentaires magnifiques:<\/p><p style=\"margin-left: 88.8pt; mso-add-space: auto; text-indent: -18.0pt; mso-list: l4 level1 lfo6; tab-stops: list 88.8pt;\"><span style=\"font-size: 10.0pt; mso-bidi-font-size: 11.0pt; line-height: 107%; font-family: Symbol; mso-fareast-font-family: Symbol; mso-bidi-font-family: Symbol;\">\u00b7<span style=\"font-variant-numeric: normal; font-variant-east-asian: normal; font-variant-alternates: normal; font-size-adjust: none; font-kerning: auto; font-optical-sizing: auto; font-feature-settings: normal; font-variation-settings: normal; font-variant-position: normal; font-variant-emoji: normal; font-stretch: normal; font-size: 7pt; line-height: normal; font-family: 'Times New Roman';\">\u00a0\u00a0\u00a0\u00a0\u00a0\u00a0\u00a0 <\/span><\/span><b>Celsius\u00ae<\/b> \u2013 Tissus d\u2019int\u00e9rieur \u00e9l\u00e9gants et confortables<\/p><p style=\"margin-left: 88.8pt; mso-add-space: auto; text-indent: -18.0pt; mso-list: l4 level1 lfo6; tab-stops: list 88.8pt;\"><span style=\"font-size: 10.0pt; mso-bidi-font-size: 11.0pt; line-height: 107%; font-family: Symbol; mso-fareast-font-family: Symbol; mso-bidi-font-family: Symbol;\">\u00b7<span style=\"font-variant-numeric: normal; font-variant-east-asian: normal; font-variant-alternates: normal; font-size-adjust: none; font-kerning: auto; font-optical-sizing: auto; font-feature-settings: normal; font-variation-settings: normal; font-variant-position: normal; font-variant-emoji: normal; font-stretch: normal; font-size: 7pt; line-height: normal; font-family: 'Times New Roman';\">\u00a0\u00a0\u00a0\u00a0\u00a0\u00a0\u00a0 <\/span><\/span><b>Flame\u00ae<\/b> \u2013 Une collection de beaux tissus simili-cuir de diff\u00e9rentes qualit\u00e9s<\/p><p style=\"margin-left: 88.8pt; mso-add-space: auto; text-indent: -18.0pt; mso-list: l4 level1 lfo6; tab-stops: list 88.8pt;\"><span style=\"font-size: 10.0pt; mso-bidi-font-size: 11.0pt; line-height: 107%; font-family: Symbol; mso-fareast-font-family: Symbol; mso-bidi-font-family: Symbol;\">\u00b7<span style=\"font-variant-numeric: normal; font-variant-east-asian: normal; font-variant-alternates: normal; font-size-adjust: none; font-kerning: auto; font-optical-sizing: auto; font-feature-settings: normal; font-variation-settings: normal; font-variant-position: normal; font-variant-emoji: normal; font-stretch: normal; font-size: 7pt; line-height: normal; font-family: 'Times New Roman';\">\u00a0\u00a0\u00a0\u00a0\u00a0\u00a0\u00a0 <\/span><\/span><b>Lorenzia\u00ae<\/b> \u2013 Tissus fonctionnels et durables pour mobilier de bureau et projets<\/p><p>La fiabilit\u00e9 des livraisons est une priorit\u00e9 pour nous, et nous tenons toujours cette promesse ! Toute notre collection est disponible toute l\u2019ann\u00e9e dans notre entrep\u00f4t central \u00e0 Tilburg (NL). Ainsi, vous n\u2019attendez jamais longtemps votre commande et ne manquez jamais une opportunit\u00e9 de vente. Que vous souhaitiez commander des rouleaux complets ou de plus petites quantit\u00e9s (\u00e9chantillons), il est possible de commander \u00e0 partir d\u2019un m\u00e8tre seulement. Chaque commande \u2013 grande ou petite \u2013 est pour nous tr\u00e8s pr\u00e9cieuse.<\/p><p>\u00a0<\/p><p><b>Ce que vous pouvez attendre de nous:<\/b><\/p><p>Nous croyons en la simplicit\u00e9 et l\u2019orientation client. Notre culture consiste \u00e0 faciliter au maximum la vie de nos clients, avec la qualit\u00e9 comme fondement \u2013 tant dans nos tissus que dans notre service. Voici quelques caract\u00e9ristiques qui nous repr\u00e9sentent parfaitement:<\/p><ul><li><b>Equipe: <\/b>nous travaillons avec une petite \u00e9quipe soud\u00e9e \u00e0 Tilburg, o\u00f9 notre bureau et notre entrep\u00f4t sont r\u00e9unis sous un m\u00eame toit. Cela nous permet de placer le client au centre et de r\u00e9pondre rapidement et avec flexibilit\u00e9 aux questions et commandes. Ce que nous promettons, nous le tenons \u2013 et nous faisons en sorte que tout soit aussi simple que possible pour nos clients.<\/li><\/ul><p>\u00a0<\/p><ul><li><strong>Disponibilit\u00e9 en stock:<\/strong> toute notre collection est r\u00e9ellement disponible toute l\u2019ann\u00e9e dans notre entrep\u00f4t. Cela garantit une fiabilit\u00e9 de livraison optimale et une disponibilit\u00e9 imm\u00e9diate. Les commandes re\u00e7ues avant 14h sont exp\u00e9di\u00e9es le jour m\u00eame. Les livraisons dans le Benelux arrivent g\u00e9n\u00e9ralement le jour ouvrable suivant ; pour les autres pays europ\u00e9ens, la livraison s\u2019effectue g\u00e9n\u00e9ralement en quelques jours.<\/li><\/ul><p>\u00a0<\/p><ul><li><strong>Quantit\u00e9s minimales:<\/strong> en plus des rouleaux complets, nous proposons \u00e9galement de plus petites longueurs (\u00e9chantillons), avec une commande minimale d\u2019un seul m\u00e8tre. Qu\u2019il s\u2019agisse d\u2019une commande grande ou petite, nous appr\u00e9cions chaque client et chaque commande!<\/li><\/ul><p>\u00a0<\/p><ul><li><strong>Orientation client:<\/strong> nous pouvons affirmer avec conviction que nous le sommes vraiment. Nous communiquons de mani\u00e8re transparente et rendons la passation de commande simple et flexible \u2013 par e-mail, via notre site ou par t\u00e9l\u00e9phone. Les files d\u2019attente ? Inexistantes. Vous \u00eates imm\u00e9diatement mis en relation avec un collaborateur comp\u00e9tent, que ce soit pour une commande ou un conseil. Un probl\u00e8me ou une r\u00e9clamation ? Pas de souci \u2013 nous le r\u00e9solvons le jour m\u00eame.<\/li><\/ul><p>\u00a0<\/p><ul><li><strong>Qualit\u00e9:<\/strong> notre qualit\u00e9 commence par le service client de notre \u00e9quipe, mais c\u2019est l\u2019excellence de nos tissus qui fait vraiment la diff\u00e9rence. C\u2019est sur cette base que nous construisons depuis des ann\u00e9es des collaborations durables et fructueuses avec des clients dans toute l\u2019Europe.<\/li><\/ul><p>\u00a0<\/p><ul><li><strong>Tendances du march\u00e9 et innovations:<\/strong> en tant que sp\u00e9cialiste des tissus outdoor, nous suivons de pr\u00e8s les derni\u00e8res tendances et \u00e9volutions. Ainsi, notre collection r\u00e9pond toujours parfaitement aux besoins de nos clients. Durabilit\u00e9, s\u00e9curit\u00e9 et conscience environnementale jouent un r\u00f4le essentiel dans notre strat\u00e9gie et dans le d\u00e9veloppement continu de notre collection.<\/li><\/ul><p style=\"margin-left: 54.0pt; mso-add-space: auto; text-indent: -18.0pt; mso-list: l2 level1 lfo5;\"><span style=\"font-size: 1rem;\">\u00a0<\/span><\/p><p>Vous avez des questions ou \u00eates curieux de d\u00e9couvrir nos produits ? N\u2019h\u00e9sitez pas \u00e0 contacter notre \u00e9quipe, elle se fera un plaisir de vous aider.<\/p><p>\u00a0<\/p><p>Cordialement ensoleill\u00e9,<br \/><strong>Team Trekatex Textile Solutions<\/strong><\/p>\t\t\t\t\t\t\t\t<\/div>\n\t\t\t\t\t<\/div>\n\t\t\t\t<\/div>\n\t\t\t\t<\/div>\n\t\t","protected":false},"excerpt":{"rendered":"<p>C\u2019est nous! \u00a0 Trekatex, le sp\u00e9cialiste des tissus outdoor de qualit\u00e9 ! Les tissus d\u2019ext\u00e9rieur sont notre passion et notre expertise ! Depuis notre cr\u00e9ation en 2008, nous sommes devenus un acteur reconnu dans le monde des tissus outdoor, convainquant de nombreux clients de la qualit\u00e9, de la durabilit\u00e9 et de la fiabilit\u00e9 de notre [&hellip;]<\/p>\n","protected":false},"author":1,"featured_media":0,"parent":0,"menu_order":0,"comment_status":"closed","ping_status":"closed","template":"","meta":{"_acf_changed":false,"footnotes":""},"class_list":["post-4024","page","type-page","status-publish","hentry"],"acf":[],"yoast_head":"<!-- This site is optimized with the Yoast SEO plugin v27.4 - https:\/\/yoast.com\/product\/yoast-seo-wordpress\/ -->\n<title>Over ons - Trekatex<\/title>\n<meta name=\"robots\" content=\"index, follow, max-snippet:-1, max-image-preview:large, max-video-preview:-1\" \/>\n<link rel=\"canonical\" href=\"https:\/\/www.trekatex.com\/fr\/over-ons\/\" \/>\n<meta property=\"og:locale\" content=\"fr_FR\" \/>\n<meta property=\"og:type\" content=\"article\" \/>\n<meta property=\"og:title\" content=\"Over ons - Trekatex\" \/>\n<meta property=\"og:description\" content=\"C\u2019est nous! \u00a0 Trekatex, le sp\u00e9cialiste des tissus outdoor de qualit\u00e9 ! Les tissus d\u2019ext\u00e9rieur sont notre passion et notre expertise ! Depuis notre cr\u00e9ation en 2008, nous sommes devenus un acteur reconnu dans le monde des tissus outdoor, convainquant de nombreux clients de la qualit\u00e9, de la durabilit\u00e9 et de la fiabilit\u00e9 de notre [&hellip;]\" \/>\n<meta property=\"og:url\" content=\"https:\/\/www.trekatex.com\/fr\/over-ons\/\" \/>\n<meta property=\"og:site_name\" content=\"Trekatex\" \/>\n<meta property=\"article:modified_time\" content=\"2026-01-03T19:33:34+00:00\" \/>\n<meta name=\"twitter:card\" content=\"summary_large_image\" \/>\n<meta name=\"twitter:label1\" content=\"Dur\u00e9e de lecture estim\u00e9e\" \/>\n\t<meta name=\"twitter:data1\" content=\"3 minutes\" \/>\n<script type=\"application\/ld+json\" class=\"yoast-schema-graph\">{\"@context\":\"https:\\\/\\\/schema.org\",\"@graph\":[{\"@type\":\"WebPage\",\"@id\":\"https:\\\/\\\/www.trekatex.com\\\/fr\\\/over-ons\\\/\",\"url\":\"https:\\\/\\\/www.trekatex.com\\\/fr\\\/over-ons\\\/\",\"name\":\"Over ons - Trekatex\",\"isPartOf\":{\"@id\":\"https:\\\/\\\/www.trekatex.com\\\/fr\\\/#website\"},\"datePublished\":\"2025-07-24T14:09:12+00:00\",\"dateModified\":\"2026-01-03T19:33:34+00:00\",\"breadcrumb\":{\"@id\":\"https:\\\/\\\/www.trekatex.com\\\/fr\\\/over-ons\\\/#breadcrumb\"},\"inLanguage\":\"fr-FR\",\"potentialAction\":[{\"@type\":\"ReadAction\",\"target\":[\"https:\\\/\\\/www.trekatex.com\\\/fr\\\/over-ons\\\/\"]}]},{\"@type\":\"BreadcrumbList\",\"@id\":\"https:\\\/\\\/www.trekatex.com\\\/fr\\\/over-ons\\\/#breadcrumb\",\"itemListElement\":[{\"@type\":\"ListItem\",\"position\":1,\"name\":\"Home\",\"item\":\"https:\\\/\\\/www.trekatex.com\\\/fr\\\/\"},{\"@type\":\"ListItem\",\"position\":2,\"name\":\"Over ons\"}]},{\"@type\":\"WebSite\",\"@id\":\"https:\\\/\\\/www.trekatex.com\\\/fr\\\/#website\",\"url\":\"https:\\\/\\\/www.trekatex.com\\\/fr\\\/\",\"name\":\"Trekatex\",\"description\":\"\",\"publisher\":{\"@id\":\"https:\\\/\\\/www.trekatex.com\\\/fr\\\/#organization\"},\"potentialAction\":[{\"@type\":\"SearchAction\",\"target\":{\"@type\":\"EntryPoint\",\"urlTemplate\":\"https:\\\/\\\/www.trekatex.com\\\/fr\\\/?s={search_term_string}\"},\"query-input\":{\"@type\":\"PropertyValueSpecification\",\"valueRequired\":true,\"valueName\":\"search_term_string\"}}],\"inLanguage\":\"fr-FR\"},{\"@type\":\"Organization\",\"@id\":\"https:\\\/\\\/www.trekatex.com\\\/fr\\\/#organization\",\"name\":\"Trekatex\",\"url\":\"https:\\\/\\\/www.trekatex.com\\\/fr\\\/\",\"logo\":{\"@type\":\"ImageObject\",\"inLanguage\":\"fr-FR\",\"@id\":\"https:\\\/\\\/www.trekatex.com\\\/fr\\\/#\\\/schema\\\/logo\\\/image\\\/\",\"url\":\"https:\\\/\\\/www.trekatex.com\\\/wp-content\\\/uploads\\\/2025\\\/07\\\/trekatex.svg\",\"contentUrl\":\"https:\\\/\\\/www.trekatex.com\\\/wp-content\\\/uploads\\\/2025\\\/07\\\/trekatex.svg\",\"caption\":\"Trekatex\"},\"image\":{\"@id\":\"https:\\\/\\\/www.trekatex.com\\\/fr\\\/#\\\/schema\\\/logo\\\/image\\\/\"}}]}<\/script>\n<!-- \/ Yoast SEO plugin. -->","yoast_head_json":{"title":"Over ons - Trekatex","robots":{"index":"index","follow":"follow","max-snippet":"max-snippet:-1","max-image-preview":"max-image-preview:large","max-video-preview":"max-video-preview:-1"},"canonical":"https:\/\/www.trekatex.com\/fr\/over-ons\/","og_locale":"fr_FR","og_type":"article","og_title":"Over ons - Trekatex","og_description":"C\u2019est nous! \u00a0 Trekatex, le sp\u00e9cialiste des tissus outdoor de qualit\u00e9 ! Les tissus d\u2019ext\u00e9rieur sont notre passion et notre expertise ! Depuis notre cr\u00e9ation en 2008, nous sommes devenus un acteur reconnu dans le monde des tissus outdoor, convainquant de nombreux clients de la qualit\u00e9, de la durabilit\u00e9 et de la fiabilit\u00e9 de notre [&hellip;]","og_url":"https:\/\/www.trekatex.com\/fr\/over-ons\/","og_site_name":"Trekatex","article_modified_time":"2026-01-03T19:33:34+00:00","twitter_card":"summary_large_image","twitter_misc":{"Dur\u00e9e de lecture estim\u00e9e":"3 minutes"},"schema":{"@context":"https:\/\/schema.org","@graph":[{"@type":"WebPage","@id":"https:\/\/www.trekatex.com\/fr\/over-ons\/","url":"https:\/\/www.trekatex.com\/fr\/over-ons\/","name":"Over ons - Trekatex","isPartOf":{"@id":"https:\/\/www.trekatex.com\/fr\/#website"},"datePublished":"2025-07-24T14:09:12+00:00","dateModified":"2026-01-03T19:33:34+00:00","breadcrumb":{"@id":"https:\/\/www.trekatex.com\/fr\/over-ons\/#breadcrumb"},"inLanguage":"fr-FR","potentialAction":[{"@type":"ReadAction","target":["https:\/\/www.trekatex.com\/fr\/over-ons\/"]}]},{"@type":"BreadcrumbList","@id":"https:\/\/www.trekatex.com\/fr\/over-ons\/#breadcrumb","itemListElement":[{"@type":"ListItem","position":1,"name":"Home","item":"https:\/\/www.trekatex.com\/fr\/"},{"@type":"ListItem","position":2,"name":"Over ons"}]},{"@type":"WebSite","@id":"https:\/\/www.trekatex.com\/fr\/#website","url":"https:\/\/www.trekatex.com\/fr\/","name":"Trekatex","description":"","publisher":{"@id":"https:\/\/www.trekatex.com\/fr\/#organization"},"potentialAction":[{"@type":"SearchAction","target":{"@type":"EntryPoint","urlTemplate":"https:\/\/www.trekatex.com\/fr\/?s={search_term_string}"},"query-input":{"@type":"PropertyValueSpecification","valueRequired":true,"valueName":"search_term_string"}}],"inLanguage":"fr-FR"},{"@type":"Organization","@id":"https:\/\/www.trekatex.com\/fr\/#organization","name":"Trekatex","url":"https:\/\/www.trekatex.com\/fr\/","logo":{"@type":"ImageObject","inLanguage":"fr-FR","@id":"https:\/\/www.trekatex.com\/fr\/#\/schema\/logo\/image\/","url":"https:\/\/www.trekatex.com\/wp-content\/uploads\/2025\/07\/trekatex.svg","contentUrl":"https:\/\/www.trekatex.com\/wp-content\/uploads\/2025\/07\/trekatex.svg","caption":"Trekatex"},"image":{"@id":"https:\/\/www.trekatex.com\/fr\/#\/schema\/logo\/image\/"}}]}},"_links":{"self":[{"href":"https:\/\/www.trekatex.com\/fr\/wp-json\/wp\/v2\/pages\/4024","targetHints":{"allow":["GET"]}}],"collection":[{"href":"https:\/\/www.trekatex.com\/fr\/wp-json\/wp\/v2\/pages"}],"about":[{"href":"https:\/\/www.trekatex.com\/fr\/wp-json\/wp\/v2\/types\/page"}],"author":[{"embeddable":true,"href":"https:\/\/www.trekatex.com\/fr\/wp-json\/wp\/v2\/users\/1"}],"replies":[{"embeddable":true,"href":"https:\/\/www.trekatex.com\/fr\/wp-json\/wp\/v2\/comments?post=4024"}],"version-history":[{"count":5,"href":"https:\/\/www.trekatex.com\/fr\/wp-json\/wp\/v2\/pages\/4024\/revisions"}],"predecessor-version":[{"id":5185,"href":"https:\/\/www.trekatex.com\/fr\/wp-json\/wp\/v2\/pages\/4024\/revisions\/5185"}],"wp:attachment":[{"href":"https:\/\/www.trekatex.com\/fr\/wp-json\/wp\/v2\/media?parent=4024"}],"curies":[{"name":"wp","href":"https:\/\/api.w.org\/{rel}","templated":true}]}}